{"id":121241,"date":"2025-09-04T11:01:52","date_gmt":"2025-09-04T16:01:52","guid":{"rendered":"https:\/\/ithunters.co\/?page_id=121241"},"modified":"2025-09-04T15:13:59","modified_gmt":"2025-09-04T20:13:59","slug":"ith-consulting","status":"publish","type":"page","link":"https:\/\/ithunters.co\/en\/ith-consulting\/","title":{"rendered":"ITH Consulting"},"content":{"rendered":"\t\t<div data-elementor-type=\"wp-page\" data-elementor-id=\"121241\" class=\"elementor elementor-121241\" data-elementor-post-type=\"page\">\n\t\t\t\t\t\t<section class=\"elementor-section elementor-top-section elementor-element elementor-element-2ebcbd10 elementor-section-boxed elementor-section-height-default elementor-section-height-default\" data-id=\"2ebcbd10\" data-element_type=\"section\" data-e-type=\"section\" data-settings=\"{&quot;background_background&quot;:&quot;classic&quot;}\">\n\t\t\t\t\t\t\t<div class=\"elementor-background-overlay\"><\/div>\n\t\t\t\t\t\t\t<div class=\"elementor-container elementor-column-gap-no\">\n\t\t\t\t\t<div class=\"elementor-column elementor-col-100 elementor-top-column elementor-element elementor-element-f621c0d\" data-id=\"f621c0d\" data-element_type=\"column\" data-e-type=\"column\">\n\t\t\t<div class=\"elementor-widget-wrap elementor-element-populated\">\n\t\t\t\t\t\t<div class=\"elementor-element elementor-element-4f088d36 elementor-widget elementor-widget-heading\" data-id=\"4f088d36\" data-element_type=\"widget\" data-e-type=\"widget\" data-widget_type=\"heading.default\">\n\t\t\t\t<div class=\"elementor-widget-container\">\n\t\t\t\t\t<h1 class=\"elementor-heading-title elementor-size-default\">ITH Consulting: Consultor\u00eda en Talento Humano<\/h1>\t\t\t\t<\/div>\n\t\t\t\t<\/div>\n\t\t\t\t<div class=\"elementor-element elementor-element-11baacf9 elementor-widget-divider--view-line elementor-widget elementor-widget-divider\" data-id=\"11baacf9\" data-element_type=\"widget\" data-e-type=\"widget\" data-widget_type=\"divider.default\">\n\t\t\t\t<div class=\"elementor-widget-container\">\n\t\t\t\t\t\t\t<div class=\"elementor-divider\">\n\t\t\t<span class=\"elementor-divider-separator\">\n\t\t\t\t\t\t<\/span>\n\t\t<\/div>\n\t\t\t\t\t\t<\/div>\n\t\t\t\t<\/div>\n\t\t\t\t\t<\/div>\n\t\t<\/div>\n\t\t\t\t\t<\/div>\n\t\t<\/section>\n\t\t\t\t<section class=\"elementor-section elementor-top-section elementor-element elementor-element-4e737eae elementor-section-boxed elementor-section-height-default elementor-section-height-default\" data-id=\"4e737eae\" data-element_type=\"section\" data-e-type=\"section\" data-settings=\"{&quot;background_background&quot;:&quot;classic&quot;}\">\n\t\t\t\t\t\t<div class=\"elementor-container elementor-column-gap-default\">\n\t\t\t\t\t<div class=\"elementor-column elementor-col-100 elementor-top-column elementor-element elementor-element-41ae2d23\" data-id=\"41ae2d23\" data-element_type=\"column\" data-e-type=\"column\">\n\t\t\t<div class=\"elementor-widget-wrap elementor-element-populated\">\n\t\t\t\t\t\t<section class=\"elementor-section elementor-inner-section elementor-element elementor-element-37b1a1dd elementor-section-full_width elementor-section-height-default elementor-section-height-default\" data-id=\"37b1a1dd\" data-element_type=\"section\" data-e-type=\"section\">\n\t\t\t\t\t\t<div class=\"elementor-container elementor-column-gap-default\">\n\t\t\t\t\t<div class=\"elementor-column elementor-col-100 elementor-inner-column elementor-element elementor-element-790576c8\" data-id=\"790576c8\" data-element_type=\"column\" data-e-type=\"column\" data-settings=\"{&quot;background_background&quot;:&quot;classic&quot;}\">\n\t\t\t<div class=\"elementor-widget-wrap elementor-element-populated\">\n\t\t\t\t\t\t<div class=\"elementor-element elementor-element-2d5fe485 elementor-position-inline-start elementor-view-default elementor-mobile-position-block-start elementor-widget elementor-widget-icon-box\" data-id=\"2d5fe485\" data-element_type=\"widget\" data-e-type=\"widget\" data-widget_type=\"icon-box.default\">\n\t\t\t\t<div class=\"elementor-widget-container\">\n\t\t\t\t\t\t\t<div class=\"elementor-icon-box-wrapper\">\n\n\t\t\t\t\t\t<div class=\"elementor-icon-box-icon\">\n\t\t\t\t<span  class=\"elementor-icon\">\n\t\t\t\t<svg xmlns=\"http:\/\/www.w3.org\/2000\/svg\" width=\"33\" height=\"33\" viewBox=\"0 0 33 33\" fill=\"none\"><path d=\"M21.7251 3.52441L21.0691 4.24341C19.6001 5.86041 18.3891 6.58341 17.3811 7.05641C16.3731 7.52841 15.5261 7.66941 14.6941 8.30641C13.8071 8.98641 12.5181 10.2904 11.9751 12.6184C10.8111 12.8724 9.9591 13.3184 9.2871 13.8994C8.6231 14.4734 8.1231 15.1264 7.5071 15.8374C7.5021 15.8454 7.5101 15.8604 7.5071 15.8684C6.6231 16.8844 5.8501 17.9784 4.3501 18.5564L3.7251 18.8064V29.4934H22.7881C23.8811 29.4344 24.6391 28.6774 25.1001 27.9304C25.5601 27.1844 25.8151 26.3764 25.9441 25.7124C26.2761 24.0204 26.8811 19.1494 26.8811 19.1494L26.9131 19.0564V18.9624C26.8811 18.2864 26.6031 17.7124 26.2561 17.1804L27.3811 13.8374L29.1631 11.1494L29.6631 10.4304L29.0061 9.83741L22.4441 4.14941L21.7251 3.52441ZM21.7881 6.27441L27.0061 10.8064L25.6311 12.8364L25.5381 12.9314L25.5061 13.0874L24.6001 15.7744C24.1271 15.5794 23.6401 15.4424 23.1001 15.4624H23.0371L16.7251 15.4934H15.7251V19.3684C15.5851 20.4584 14.9791 20.8804 14.2251 21.1814C13.9751 21.2824 13.9441 21.2274 13.7251 21.2744V15.4634C13.5611 11.7564 14.8811 10.6894 15.9131 9.90041C16.1981 9.68141 17.0331 9.42841 18.2251 8.86941C19.2211 8.40041 20.4591 7.56041 21.7881 6.27541V6.27441ZM11.7881 14.8684C11.7841 15.0954 11.7131 15.2554 11.7251 15.4934V23.4934H12.7251C12.7251 23.4934 13.7951 23.4814 14.9441 23.0244C16.0921 22.5674 17.4791 21.4974 17.7251 19.6184V17.4934L23.1001 17.4624H23.1311C23.5701 17.4384 24.0007 17.5893 24.3287 17.882C24.6567 18.1748 24.8553 18.5855 24.8811 19.0244C24.8771 19.0404 24.8311 19.4114 24.8191 19.4934H20.7251V21.4934H24.5691C24.4631 22.2664 24.3661 22.7514 24.2561 23.4934H20.7251V25.4934H23.9441C23.8259 25.9772 23.6362 26.4407 23.3811 26.8684C23.1081 27.3134 22.8731 27.4814 22.6631 27.4934H5.7251V20.0244C7.3461 19.1644 8.3541 17.9274 9.0061 17.1814C9.6821 16.4074 10.1461 15.8214 10.6001 15.4314C10.8971 15.1774 11.3621 15.0324 11.7881 14.8684Z\" fill=\"#CC0000\"><\/path><\/svg>\t\t\t\t<\/span>\n\t\t\t<\/div>\n\t\t\t\n\t\t\t\t\t\t<div class=\"elementor-icon-box-content\">\n\n\t\t\t\t\t\t\t\t\t<h3 class=\"elementor-icon-box-title\">\n\t\t\t\t\t\t<span  >\n\t\t\t\t\t\t\tConsultor\u00eda Organizacional y en Talento Humano\t\t\t\t\t\t<\/span>\n\t\t\t\t\t<\/h3>\n\t\t\t\t\n\t\t\t\t\n\t\t\t<\/div>\n\t\t\t\n\t\t<\/div>\n\t\t\t\t\t\t<\/div>\n\t\t\t\t<\/div>\n\t\t\t\t<div class=\"elementor-element elementor-element-68434ef1 elementor-widget elementor-widget-text-editor\" data-id=\"68434ef1\" data-element_type=\"widget\" data-e-type=\"widget\" data-widget_type=\"text-editor.default\">\n\t\t\t\t<div class=\"elementor-widget-container\">\n\t\t\t\t\t\t\t\t\t<p data-start=\"760\" data-end=\"1224\">Creamos ITH Consulting, una empresa que presta servicios de consultor\u00eda organizacional y en talento humano, para acompa\u00f1ar a l\u00edderes y organizaciones a fortalecer lo m\u00e1s esencial y, muchas veces, olvidado en medio de las transformaciones tecnol\u00f3gicas: lo humano. Nuestra filosof\u00eda se apoya en una convicci\u00f3n central: no podemos seguir separando lo que hacemos de lo que somos. Lo que somos y c\u00f3mo estamos impacta cada decisi\u00f3n, cada v\u00ednculo y cada resultado.<\/p><p data-start=\"1232\" data-end=\"1590\">Nuestro enfoque es el producto de m\u00e1s de quince a\u00f1os de experiencia con <a href=\"https:\/\/ithunters.co\/nosotros\/\">IT Hunters<\/a>, el primer headhunter especializado en tecnolog\u00eda en Colombia. Durante este tiempo comprobamos que lo que realmente impulsa los cambios sostenibles no son solo los sistemas, las tecnolog\u00edas o los procesos, sino las personas, su forma de liderar, de vincularse y de decidir.<\/p><p data-start=\"1598\" data-end=\"1820\">Durante a\u00f1os, el foco organizacional ha estado en el hacer: productividad, eficiencia, acci\u00f3n constante. Pero cuando dejamos de lado el ser y el estar, el hacer se automatiza, se vac\u00eda y muchas veces pierde impacto real.<\/p><p data-start=\"1828\" data-end=\"2115\">En nuestro portafolio de consultor\u00eda organizacional y en talento humano, que incluye acompa\u00f1amientos individuales para l\u00edderes y una diversidad de talleres grupales, buscamos integrar el ser, el hacer y el estar. Esto hace posible un liderazgo sostenible, consciente y realmente humano.\u00a0<\/p>\t\t\t\t\t\t\t\t<\/div>\n\t\t\t\t<\/div>\n\t\t\t\t\t<\/div>\n\t\t<\/div>\n\t\t\t\t\t<\/div>\n\t\t<\/section>\n\t\t\t\t\t<\/div>\n\t\t<\/div>\n\t\t\t\t\t<\/div>\n\t\t<\/section>\n\t\t\t\t<section class=\"elementor-section elementor-top-section elementor-element elementor-element-6e2a7cc elementor-section-boxed elementor-section-height-default elementor-section-height-default\" data-id=\"6e2a7cc\" data-element_type=\"section\" data-e-type=\"section\" data-settings=\"{&quot;background_background&quot;:&quot;classic&quot;}\">\n\t\t\t\t\t\t<div class=\"elementor-container elementor-column-gap-no\">\n\t\t\t\t\t<div class=\"elementor-column elementor-col-100 elementor-top-column elementor-element elementor-element-7b55891c\" data-id=\"7b55891c\" data-element_type=\"column\" data-e-type=\"column\">\n\t\t\t<div class=\"elementor-widget-wrap elementor-element-populated\">\n\t\t\t\t\t\t<div class=\"elementor-element elementor-element-64173069 elementor-widget elementor-widget-heading\" data-id=\"64173069\" data-element_type=\"widget\" data-e-type=\"widget\" data-widget_type=\"heading.default\">\n\t\t\t\t<div class=\"elementor-widget-container\">\n\t\t\t\t\t<h2 class=\"elementor-heading-title elementor-size-default\">\u00bfA qui\u00e9n acompa\u00f1amos?<\/h2>\t\t\t\t<\/div>\n\t\t\t\t<\/div>\n\t\t\t\t<div class=\"elementor-element elementor-element-1b1a9df5 elementor-widget elementor-widget-text-editor\" data-id=\"1b1a9df5\" data-element_type=\"widget\" data-e-type=\"widget\" data-widget_type=\"text-editor.default\">\n\t\t\t\t<div class=\"elementor-widget-container\">\n\t\t\t\t\t\t\t\t\t<div><div><div><p>Organizaciones y l\u00edderes en procesos de transformaci\u00f3n cultural, digital o estrat\u00e9gica.<\/p><\/div><\/div><div><div><p>Equipos que buscan integrar resultados con v\u00ednculos sostenibles y formas m\u00e1s conscientes de liderar.<\/p><\/div><\/div><div><div><p>Personas que reconocen que lo humano es hoy una ventaja competitiva: percepci\u00f3n, escucha, discernimiento y presencia.<\/p><\/div><\/div><\/div>\t\t\t\t\t\t\t\t<\/div>\n\t\t\t\t<\/div>\n\t\t\t\t\t<\/div>\n\t\t<\/div>\n\t\t\t\t\t<\/div>\n\t\t<\/section>\n\t\t\t\t<\/div>\n\t\t","protected":false},"excerpt":{"rendered":"<p>ITH Consulting: Consultor\u00eda en Talento Humano Consultor\u00eda Organizacional y en Talento Humano Creamos ITH Consulting, una empresa que presta servicios de consultor\u00eda organizacional y en talento humano, para acompa\u00f1ar a l\u00edderes y organizaciones a fortalecer lo m\u00e1s esencial y, muchas veces, olvidado en medio de las transformaciones tecnol\u00f3gicas: lo humano. Nuestra filosof\u00eda se apoya en [&hellip;]<\/p>\n","protected":false},"author":11,"featured_media":0,"parent":0,"menu_order":0,"comment_status":"closed","ping_status":"closed","template":"","meta":{"site-sidebar-layout":"no-sidebar","site-content-layout":"page-builder","ast-site-content-layout":"full-width-container","site-content-style":"unboxed","site-sidebar-style":"unboxed","ast-global-header-display":"","ast-banner-title-visibility":"","ast-main-header-display":"","ast-hfb-above-header-display":"","ast-hfb-below-header-display":"","ast-hfb-mobile-header-display":"","site-post-title":"disabled","ast-breadcrumbs-content":"","ast-featured-img":"disabled","footer-sml-layout":"","theme-transparent-header-meta":"default","adv-header-id-meta":"","stick-header-meta":"default","header-above-stick-meta":"","header-main-stick-meta":"","header-below-stick-meta":"","astra-migrate-meta-layouts":"set","ast-page-background-enabled":"default","ast-page-background-meta":{"desktop":{"background-color":"","background-image":"","background-repeat":"repeat","background-position":"center center","background-size":"auto","background-attachment":"scroll","background-type":"","background-media":"","overlay-type":"","overlay-color":"","overlay-opacity":"","overlay-gradient":""},"tablet":{"background-color":"","background-image":"","background-repeat":"repeat","background-position":"center center","background-size":"auto","background-attachment":"scroll","background-type":"","background-media":"","overlay-type":"","overlay-color":"","overlay-opacity":"","overlay-gradient":""},"mobile":{"background-color":"","background-image":"","background-repeat":"repeat","background-position":"center center","background-size":"auto","background-attachment":"scroll","background-type":"","background-media":"","overlay-type":"","overlay-color":"","overlay-opacity":"","overlay-gradient":""}},"ast-content-background-meta":{"desktop":{"background-color":"var(--ast-global-color-5)","background-image":"","background-repeat":"repeat","background-position":"center center","background-size":"auto","background-attachment":"scroll","background-type":"","background-media":"","overlay-type":"","overlay-color":"","overlay-opacity":"","overlay-gradient":""},"tablet":{"background-color":"var(--ast-global-color-5)","background-image":"","background-repeat":"repeat","background-position":"center center","background-size":"auto","background-attachment":"scroll","background-type":"","background-media":"","overlay-type":"","overlay-color":"","overlay-opacity":"","overlay-gradient":""},"mobile":{"background-color":"var(--ast-global-color-5)","background-image":"","background-repeat":"repeat","background-position":"center center","background-size":"auto","background-attachment":"scroll","background-type":"","background-media":"","overlay-type":"","overlay-color":"","overlay-opacity":"","overlay-gradient":""}},"footnotes":""},"class_list":["post-121241","page","type-page","status-publish","hentry"],"_links":{"self":[{"href":"https:\/\/ithunters.co\/en\/wp-json\/wp\/v2\/pages\/121241","targetHints":{"allow":["GET"]}}],"collection":[{"href":"https:\/\/ithunters.co\/en\/wp-json\/wp\/v2\/pages"}],"about":[{"href":"https:\/\/ithunters.co\/en\/wp-json\/wp\/v2\/types\/page"}],"author":[{"embeddable":true,"href":"https:\/\/ithunters.co\/en\/wp-json\/wp\/v2\/users\/11"}],"replies":[{"embeddable":true,"href":"https:\/\/ithunters.co\/en\/wp-json\/wp\/v2\/comments?post=121241"}],"version-history":[{"count":4,"href":"https:\/\/ithunters.co\/en\/wp-json\/wp\/v2\/pages\/121241\/revisions"}],"predecessor-version":[{"id":121246,"href":"https:\/\/ithunters.co\/en\/wp-json\/wp\/v2\/pages\/121241\/revisions\/121246"}],"wp:attachment":[{"href":"https:\/\/ithunters.co\/en\/wp-json\/wp\/v2\/media?parent=121241"}],"curies":[{"name":"wp","href":"https:\/\/api.w.org\/{rel}","templated":true}]}}